{"id":8863,"date":"2025-07-28T14:47:27","date_gmt":"2025-07-28T12:47:27","guid":{"rendered":"https:\/\/www.schwarzeneggerclimateinitiative.com\/?page_id=8863"},"modified":"2025-09-01T15:13:41","modified_gmt":"2025-09-01T13:13:41","slug":"drehscheibe-fur-losungen-wwp","status":"publish","type":"page","link":"https:\/\/www.schwarzeneggerclimateinitiative.com\/de\/drehscheibe-fur-losungen-wwp\/","title":{"rendered":"Solutions Hub &#8211; WSP"},"content":{"rendered":"\n<div style=\"height:var(--wp--preset--spacing--large)\" aria-hidden=\"true\" class=\"wp-block-spacer\"><\/div>\n\n\n\n<div class=\"wp-block-group has-global-padding is-layout-constrained wp-container-core-group-is-layout-3a820303 wp-block-group-is-layout-constrained\" style=\"padding-right:var(--wp--preset--spacing--small);padding-left:var(--wp--preset--spacing--small)\">\n<div class=\"wp-block-group is-nowrap is-layout-flex wp-container-core-group-is-layout-6c531013 wp-block-group-is-layout-flex\">\n<h2 class=\"wp-block-heading backhub\">Wild Solutions Park<\/h2>\n<\/div>\n\n\n\n<div class=\"wp-block-group is-layout-flex wp-container-core-group-is-layout-d0921e6e wp-block-group-is-layout-flex\">\n<div class=\"wp-block-group has-global-padding is-layout-constrained wp-block-group-is-layout-constrained gs_CfTaOe group_wrap\">\n<figure class=\"wp-block-image size-large\"><img loading=\"lazy\" decoding=\"async\" width=\"1024\" height=\"683\" src=\"https:\/\/www.schwarzeneggerclimateinitiative.com\/wp-content\/uploads\/sites\/2\/2025\/05\/HG83037-1-1024x683.jpg\" alt=\"\" class=\"wp-image-7489\" srcset=\"https:\/\/www.schwarzeneggerclimateinitiative.com\/wp-content\/uploads\/sites\/2\/2025\/05\/HG83037-1-1024x683.jpg 1024w, https:\/\/www.schwarzeneggerclimateinitiative.com\/wp-content\/uploads\/sites\/2\/2025\/05\/HG83037-1-300x200.jpg 300w, https:\/\/www.schwarzeneggerclimateinitiative.com\/wp-content\/uploads\/sites\/2\/2025\/05\/HG83037-1-768x512.jpg 768w, https:\/\/www.schwarzeneggerclimateinitiative.com\/wp-content\/uploads\/sites\/2\/2025\/05\/HG83037-1-1536x1024.jpg 1536w, https:\/\/www.schwarzeneggerclimateinitiative.com\/wp-content\/uploads\/sites\/2\/2025\/05\/HG83037-1-2048x1365.jpg 2048w\" sizes=\"auto, (max-width: 1024px) 100vw, 1024px\" \/><\/figure>\n<\/div>\n\n\n\n<div class=\"wp-block-group has-global-padding is-layout-constrained wp-block-group-is-layout-constrained gs_LpvF9B group_wrap\">\n<div class=\"wp-block-group is-nowrap is-layout-flex wp-container-core-group-is-layout-f66f9956 wp-block-group-is-layout-flex\">\n<h3 class=\"wp-block-heading has-text-align-left backhub\">Wo die Natur die Vielfalt schafft<\/h3>\n<\/div>\n\n\n\n<p>In Kooperation mit dem Naturpark Leiser Berge, der Green Bridge GmbH und MAMUZ wurde ein zukunftsweisendes Leuchtturmprojekt f\u00fcr die Region ins Leben gerufen.<br>Im Wild Solutions Park, der seit Mai 2025 besteht, entsteht eine vielf\u00e4ltige Landschaft \u2013 ein lebendiger Raum f\u00fcr Artenvielfalt, Klimaschutz und nachhaltige Regionalentwicklung. <br>Im Herzen des Naturparks Leiser Berge in Asparn an der Zaya gestalten Wildpferde, robuste Rinderrassen und k\u00fcnftig vielleicht auch Wisente oder Wasserb\u00fcffel neue Lebensr\u00e4ume f\u00fcr bedrohte Tier- und Pflanzenarten. Was als innovatives Modellprojekt begann, entwickelt sich zu einem einzigartigen Ort, an dem Natur, Landwirtschaft und Forschung Hand in Hand gehen.    <\/p>\n<\/div>\n<\/div>\n\n\n\n<div style=\"height:var(--wp--preset--spacing--medium)\" aria-hidden=\"true\" class=\"wp-block-spacer\"><\/div>\n\n\n\n<div class=\"wp-block-group is-layout-flex wp-container-core-group-is-layout-d0921e6e wp-block-group-is-layout-flex\">\n<div class=\"wp-block-group has-global-padding is-layout-constrained wp-block-group-is-layout-constrained gs_03vMGl group_wrap\" style=\"padding-top:0;padding-bottom:0\">\n<div class=\"wp-block-group is-nowrap is-layout-flex wp-container-core-group-is-layout-6c531013 wp-block-group-is-layout-flex\">\n<h3 class=\"wp-block-heading backhub\">Eine Lernerfahrung<\/h3>\n<\/div>\n\n\n\n<p>Der Wild Solutions Park zeigt, wie eine zukunftsf\u00e4hige Nutzung unserer Kulturlandschaft aussehen kann \u2013 mit tierischer Unterst\u00fctzung, lebendigen B\u00f6den und dem Mut, neue Wege im Umgang mit Klima und Umwelt zu gehen. Der Wild Solutions Park ist nicht nur R\u00fcckzugsraum f\u00fcr die Natur, sondern auch ein Ort des Lernens, der Inspiration und regionalen Entwicklung. Schulen, Universit\u00e4ten, Unternehmen und Besucher*innen sind eingeladen, vor Ort zu erleben, wie ein verantwortungsvoller Umgang mit unserer Umwelt gelingen kann \u2013 lebensnah, mutig und mit Weitblick.  <\/p>\n\n\n\n<p>Mehr dazu erfahren Sie <a href=\"https:\/\/wildsolutionspark.com\/\" target=\"_blank\" rel=\"noreferrer noopener\">hier<\/a>.<\/p>\n<\/div>\n\n\n\n<div class=\"wp-block-group has-global-padding is-layout-constrained wp-block-group-is-layout-constrained gs_SMBNwg group_wrap\">\n<figure class=\"wp-block-image size-large\"><img loading=\"lazy\" decoding=\"async\" width=\"1024\" height=\"683\" src=\"https:\/\/www.schwarzeneggerclimateinitiative.com\/wp-content\/uploads\/sites\/2\/2025\/05\/HG83065-1-1024x683.jpg\" alt=\"\" class=\"wp-image-7487\" srcset=\"https:\/\/www.schwarzeneggerclimateinitiative.com\/wp-content\/uploads\/sites\/2\/2025\/05\/HG83065-1-1024x683.jpg 1024w, https:\/\/www.schwarzeneggerclimateinitiative.com\/wp-content\/uploads\/sites\/2\/2025\/05\/HG83065-1-300x200.jpg 300w, https:\/\/www.schwarzeneggerclimateinitiative.com\/wp-content\/uploads\/sites\/2\/2025\/05\/HG83065-1-768x512.jpg 768w, https:\/\/www.schwarzeneggerclimateinitiative.com\/wp-content\/uploads\/sites\/2\/2025\/05\/HG83065-1-1536x1024.jpg 1536w, https:\/\/www.schwarzeneggerclimateinitiative.com\/wp-content\/uploads\/sites\/2\/2025\/05\/HG83065-1-2048x1365.jpg 2048w\" sizes=\"auto, (max-width: 1024px) 100vw, 1024px\" \/><\/figure>\n<\/div>\n<\/div>\n<\/div>\n\n\n\n<div style=\"height:var(--wp--preset--spacing--large)\" aria-hidden=\"true\" class=\"wp-block-spacer\"><\/div>\n\n\n\n<p><\/p>\n","protected":false},"excerpt":{"rendered":"<p>Wild Solutions Park Wo die Natur die Vielfalt schafft In Kooperation mit dem Naturpark Leiser Berge, der Green Bridge GmbH und MAMUZ wurde ein zukunftsweisendes Leuchtturmprojekt f\u00fcr die Region ins Leben gerufen.Im Wild Solutions Park, der seit Mai 2025 besteht, entsteht eine vielf\u00e4ltige Landschaft \u2013 ein lebendiger Raum f\u00fcr Artenvielfalt, Klimaschutz und nachhaltige Regionalentwicklung. Im [&hellip;]<\/p>\n","protected":false},"author":3,"featured_media":0,"parent":0,"menu_order":0,"comment_status":"closed","ping_status":"closed","template":"","meta":{"greyd_block_editor_preview":[],"footnotes":""},"page_category":[20],"class_list":["post-8863","page","type-page","status-publish","hentry","page_category-hub"],"_links":{"self":[{"href":"https:\/\/www.schwarzeneggerclimateinitiative.com\/de\/wp-json\/wp\/v2\/pages\/8863","targetHints":{"allow":["GET"]}}],"collection":[{"href":"https:\/\/www.schwarzeneggerclimateinitiative.com\/de\/wp-json\/wp\/v2\/pages"}],"about":[{"href":"https:\/\/www.schwarzeneggerclimateinitiative.com\/de\/wp-json\/wp\/v2\/types\/page"}],"author":[{"embeddable":true,"href":"https:\/\/www.schwarzeneggerclimateinitiative.com\/de\/wp-json\/wp\/v2\/users\/3"}],"replies":[{"embeddable":true,"href":"https:\/\/www.schwarzeneggerclimateinitiative.com\/de\/wp-json\/wp\/v2\/comments?post=8863"}],"version-history":[{"count":3,"href":"https:\/\/www.schwarzeneggerclimateinitiative.com\/de\/wp-json\/wp\/v2\/pages\/8863\/revisions"}],"predecessor-version":[{"id":9078,"href":"https:\/\/www.schwarzeneggerclimateinitiative.com\/de\/wp-json\/wp\/v2\/pages\/8863\/revisions\/9078"}],"wp:attachment":[{"href":"https:\/\/www.schwarzeneggerclimateinitiative.com\/de\/wp-json\/wp\/v2\/media?parent=8863"}],"wp:term":[{"taxonomy":"page_category","embeddable":true,"href":"https:\/\/www.schwarzeneggerclimateinitiative.com\/de\/wp-json\/wp\/v2\/page_category?post=8863"}],"curies":[{"name":"wp","href":"https:\/\/api.w.org\/{rel}","templated":true}]}}