{"id":5578,"date":"2023-02-14T16:57:11","date_gmt":"2023-02-14T15:57:11","guid":{"rendered":"https:\/\/www.schwarzeneggerclimateinitiative.com\/solutions-hub-willkommen\/"},"modified":"2025-11-26T16:35:58","modified_gmt":"2025-11-26T15:35:58","slug":"solutions-hub-willkommen","status":"publish","type":"page","link":"https:\/\/www.schwarzeneggerclimateinitiative.com\/de\/solutions-hub-willkommen\/","title":{"rendered":"Solutions Hub &#8211; Willkommen"},"content":{"rendered":"\n<div class=\"wp-block-columns is-layout-flex wp-container-core-columns-is-layout-28f84493 wp-block-columns-is-layout-flex\">\n<div class=\"wp-block-column is-layout-flow wp-block-column-is-layout-flow\" style=\"flex-basis:100%;width:100%\">\n<div class=\"wp-block-group has-global-padding is-layout-constrained wp-block-group-is-layout-constrained\">\n<header class=\"wp-block-cover alignfull is-light\" style=\"margin-top:0;margin-bottom:0;min-height:488px;aspect-ratio:unset;\"><video class=\"wp-block-cover__video-background intrinsic-ignore\" autoplay=\"\" muted=\"\" loop=\"\" playsinline=\"\" src=\"https:\/\/www.schwarzeneggerclimateinitiative.com\/wp-content\/uploads\/sites\/2\/2025\/06\/HUB_VIDEO.mov\" style=\"object-position:50% 50%\" data-object-fit=\"cover\" data-object-position=\"50% 50%\"><\/video><span aria-hidden=\"true\" class=\"wp-block-cover__background has-background-dim-0 has-background-dim\" style=\"background-color:#6f7887\"><\/span><div class=\"wp-block-cover__inner-container has-global-padding is-layout-constrained wp-container-core-cover-is-layout-3ef94519 wp-block-cover-is-layout-constrained\">\n<div id=\"greyd-69e90e8ab788b\" class=\"wp-block-greyd-box greyd-content-box gs_ajr63L\">\n<div class=\"wp-block-greyd-buttons aligncenter\">\n<a  href=\"https:\/\/www.schwarzeneggerclimateinitiative.com\/de\/join-the-hub\/\" title=\"Solutions Hub &#8211; Join the Hub\" class=\"button is-style-clear gs_zfUukK is-size-big\"  data-anim-action=\"fadeIn\" data-anim-event=\"onScroll\" data-anim-triggered=\"false\" data-anim-from=\"opacity: 0;\" data-anim-to=\"opacity: 1;\" data-anim-id=\"anim-69e90e8ab77b2\" data-anim-start=\"10%\" data-anim-reverse=\"false\">Interessiert? Senden Sie uns Ihre Anfrage! <\/a>\n<\/div>\n<\/div>\n<\/div><\/header>\n<\/div>\n<\/div>\n<\/div>\n\n\n<div  class=\"spacer_wrap \" aria-hidden=\"true\"><div class=\"wp-block-spacer inner-sm inner-md\" style=\"height:calc(var(--wp--preset--spacing--small, 1rem) * 0.3)\" aria-hidden=\"true\"><\/div><div class=\"wp-block-spacer inner-lg inner-xl\" style=\"height:var(--wp--preset--spacing--small, 1rem)\" aria-hidden=\"true\"><\/div><\/div>\n\n\n<div class=\"wp-block-group has-global-padding is-layout-constrained wp-container-core-group-is-layout-dbcc095e wp-block-group-is-layout-constrained\" style=\"margin-bottom:var(--wp--preset--spacing--medium);padding-right:var(--wp--preset--spacing--small);padding-left:var(--wp--preset--spacing--small)\">\n<div class=\"wp-block-group is-nowrap is-layout-flex wp-container-core-group-is-layout-6c531013 wp-block-group-is-layout-flex\">\n<h1 class=\"wp-block-heading has-text-align-left backhub\">Willkommen im AWS SOLUTIONS HUB<\/h1>\n<\/div>\n\n\n\n<div class=\"wp-block-group is-layout-flex wp-container-core-group-is-layout-d0921e6e wp-block-group-is-layout-flex\">\n<div class=\"wp-block-group has-global-padding is-layout-constrained wp-block-group-is-layout-constrained gs_jPp5rN group_wrap\">\n<p style=\"font-size:clamp(0.875rem, 0.875rem + ((1vw - 0.2rem) * 0.481), 1.2rem);\">Beim AUSTRIAN WORLD SUMMIT Solutions Hub geht es darum, <strong>L\u00f6sungen f\u00fcr den Planeten zu pr\u00e4sentieren und relevante Stakeholder zu vernetzen<\/strong> &#8211; mit anderen Worten, ein Matchmaker f\u00fcr einen lebenswerten Planeten zu sein. Das sanierte, vielseitige Anwesen in Nieder\u00f6sterreich dient nicht nur als <strong>lebendiger Treffpunkt<\/strong> zum Netzwerken oder f\u00fcr Vortr\u00e4ge und Workshops, sondern pr\u00e4sentiert auch<strong> Good-Practice-Beispiele und konkrete Klimaaktionen<\/strong>. Seit 2017 verbindet Arnold Schwarzeneggers j\u00e4hrliche Klimakonferenz, der AUSTRIAN WORLD SUMMIT, in Wien Menschen aus aller Welt und pr\u00e4sentiert zahlreiche L\u00f6sungen f\u00fcr die Klimakrise. Ein Ort wie der AUSTRIAN WORLD SUMMIT Solutions Hub gibt uns allen nun die <strong>M\u00f6glichkeit, diese Verbindungen zu vertiefen, an einem au\u00dfergew\u00f6hnlichen Ort voneinander zu lernen und die Arbeit f\u00fcr einen gesunden Planeten regelm\u00e4\u00dfig fortzusetzen<\/strong>.   <\/p>\n\n\n\n<p style=\"font-size:clamp(0.875rem, 0.875rem + ((1vw - 0.2rem) * 0.481), 1.2rem);\" class=\"gs_U4vdf9\">Ein neu er\u00f6ffnetes <strong>Energiesystem am Hub<\/strong> zeigt eine L\u00f6sung f\u00fcr die Energiewende, die zur Erreichung unserer Klimaziele erforderlich ist. Mehr dar\u00fcber und \u00fcber die k\u00fcrzlich gegr\u00fcndete <strong>Energiegenossenschaft<\/strong> erfahren Sie <span class=\"is-button link\" data-type=\"link\" data-params=\"{\"url\":\"https:\/\/www.austrianworldsummit.com\/renewable-energy\/\",\"id\":\"https:\/\/www.austrianworldsummit.com\/renewable-energy\/\",\"title\":\"https:\/\/www.austrianworldsummit.com\/renewable-energy\/\",\"type\":\"link\"}\">hier<\/span>.   <\/p>\n<\/div>\n\n\n\n<div class=\"wp-block-group has-global-padding is-layout-constrained wp-block-group-is-layout-constrained gs_NZAxa5 group_wrap\">\n<figure class=\"wp-block-embed is-type-video is-provider-youtube wp-block-embed-youtube wp-embed-aspect-16-9 wp-has-aspect-ratio\"><div class=\"wp-block-embed__wrapper\">\n<iframe loading=\"lazy\" title=\"AWS Solutions HUB Opening of the new Energy System\" width=\"500\" height=\"281\" src=\"https:\/\/www.youtube.com\/embed\/Js1G5SvCtVw?feature=oembed\" frameborder=\"0\" allow=\"accelerometer; autoplay; clipboard-write; encrypted-media; gyroscope; picture-in-picture; web-share\" referrerpolicy=\"strict-origin-when-cross-origin\" allowfullscreen><\/iframe>\n<\/div><\/figure>\n<\/div>\n<\/div>\n<\/div>\n\n\n\n<div class=\"wp-block-cover aligncenter is-light\" style=\"margin-top:0;margin-bottom:0;padding-top:0;padding-bottom:0\"><img loading=\"lazy\" decoding=\"async\" width=\"1600\" height=\"500\" class=\"wp-block-cover__image-background wp-image-4873\" alt=\"\" src=\"https:\/\/preview.schwarzeneggerclimateinitiative.com\/wp-content\/uploads\/sites\/2\/2024\/12\/newsletterback_new.jpg\" data-object-fit=\"cover\" srcset=\"https:\/\/www.schwarzeneggerclimateinitiative.com\/wp-content\/uploads\/sites\/2\/2024\/12\/newsletterback_new.jpg 1600w, https:\/\/www.schwarzeneggerclimateinitiative.com\/wp-content\/uploads\/sites\/2\/2024\/12\/newsletterback_new-300x94.jpg 300w, https:\/\/www.schwarzeneggerclimateinitiative.com\/wp-content\/uploads\/sites\/2\/2024\/12\/newsletterback_new-1024x320.jpg 1024w, https:\/\/www.schwarzeneggerclimateinitiative.com\/wp-content\/uploads\/sites\/2\/2024\/12\/newsletterback_new-768x240.jpg 768w, https:\/\/www.schwarzeneggerclimateinitiative.com\/wp-content\/uploads\/sites\/2\/2024\/12\/newsletterback_new-1536x480.jpg 1536w\" sizes=\"auto, (max-width: 1600px) 100vw, 1600px\" \/><span aria-hidden=\"true\" class=\"wp-block-cover__background has-background-dim-70 has-background-dim\" style=\"background-color:#909568\"><\/span><div class=\"wp-block-cover__inner-container is-layout-flow wp-block-cover-is-layout-flow\">\n<div class=\"wp-block-group has-global-padding is-layout-constrained wp-block-group-is-layout-constrained\">\n<div class=\"wp-block-group is-layout-flex wp-container-core-group-is-layout-8af81c07 wp-block-group-is-layout-flex\">\n<div class=\"wp-block-group has-global-padding is-layout-constrained wp-block-group-is-layout-constrained gs_vgG0om group_wrap\">\n<h2 class=\"wp-block-heading has-text-align-left has-color-62-color has-text-color has-large-font-size\" style=\"text-transform:uppercase\"><strong>Sie m\u00f6chten mehr \u00fcber den AWS Solutions Hub erfahren?<\/strong><\/h2>\n\n\n\n<p class=\"has-color-62-color has-text-color\">Abonnieren Sie unseren Newsletter. Ihre E-Mail-Adresse wird nur verwendet, um Ihnen unseren Newsletter und Informationen \u00fcber die Aktivit\u00e4ten des Hubs zuzusenden. Sie k\u00f6nnen sich jederzeit \u00fcber den im Newsletter enthaltenen Link wieder abmelden.  <\/p>\n<\/div>\n\n\n\n<div class=\"wp-block-group has-global-padding is-layout-constrained wp-block-group-is-layout-constrained gs_GrD6A7 group_wrap\">\n<iframe loading=\"lazy\" width=\"540\" height=\"505\" src=\"https:\/\/4ee765a5.sibforms.com\/serve\/MUIFAMngoPmJJ-s52-52Yx1oBdMBChF6jea2J3-EbLEep-sOLHXD455cvRU_g6vsoxQHgKkT1yUu04sCeIT1expx1a8IzRf7ZXhxYfcIf5tX2EJGchy0JnOWwv7ji25q1qlgBGMKQYoVN8hN9QRkAGVqF5LssW6HIRmSLKxBwMb-oXIndorFdExSLarU42QnfHL8oeA0yVxDJ8I=\" frameborder=\"0\" scrolling=\"auto\" allowfullscreen=\"\" style=\"display: block;margin-left: auto;margin-right: auto;max-width: 100%;\"><\/iframe>\n<\/div>\n<\/div>\n<\/div>\n<\/div><\/div>\n\n\n\n<div class=\"wp-block-group has-global-padding is-layout-constrained wp-container-core-group-is-layout-3a820303 wp-block-group-is-layout-constrained\" style=\"padding-right:var(--wp--preset--spacing--small);padding-left:var(--wp--preset--spacing--small)\">\n<div id=\"greyd-69e90e8ab96f1\" class=\"wp-block-greyd-box wp-embed-aspect-16-9 wp-has-aspect-ratio greyd-content-box gs_mqPtVD\">\n<div class=\"wp-block-columns row_xxl is-layout-flex wp-container-core-columns-is-layout-28f84493 wp-block-columns-is-layout-flex\">\n<div class=\"wp-block-column col-12 col-sm-auto is-layout-flow wp-block-column-is-layout-flow\">\n<h2 class=\"wp-block-heading backhub\">Eindr\u00fccke<\/h2>\n<\/div>\n<\/div>\n\n\n\n<div class=\"wp-block-columns row_xxl is-layout-flex wp-container-core-columns-is-layout-28f84493 wp-block-columns-is-layout-flex\">\n<div class=\"wp-block-column col-12 col-sm-auto is-layout-flow wp-block-column-is-layout-flow\">\n<figure class=\"wp-block-gallery has-nested-images columns-3 is-cropped wp-block-gallery-1 is-layout-flex wp-block-gallery-is-layout-flex\">\n<figure class=\"wp-block-image size-large\"><img decoding=\"async\" data-id=\"857\" src=\"https:\/\/www.austrianworldsummit.com\/wp-content\/uploads\/sites\/3\/2023\/06\/PhilippLipiarski-2416.jpg\" alt=\"\" class=\"wp-image-857\"><\/figure>\n\n\n\n<figure class=\"wp-block-image size-large\"><img decoding=\"async\" data-id=\"995\" src=\"https:\/\/www.austrianworldsummit.com\/wp-content\/uploads\/sites\/3\/2023\/06\/PhilippLipiarski-2266.jpg\" alt=\"\" class=\"wp-image-995\"><\/figure>\n\n\n\n<figure class=\"wp-block-image size-large\"><img decoding=\"async\" data-id=\"48\" src=\"https:\/\/www.austrianworldsummit.com\/wp-content\/uploads\/sites\/3\/2023\/06\/PhilippLipiarski-2142.jpg\" alt=\"\" class=\"wp-image-48\"><\/figure>\n\n\n\n<figure class=\"wp-block-image size-large\"><img decoding=\"async\" data-id=\"867\" src=\"https:\/\/www.austrianworldsummit.com\/wp-content\/uploads\/sites\/3\/2023\/06\/PhilippLipiarski-2068.jpg\" alt=\"\" class=\"wp-image-867\"><\/figure>\n\n\n\n<figure class=\"wp-block-image size-large\"><img decoding=\"async\" data-id=\"867\" src=\"https:\/\/www.austrianworldsummit.com\/wp-content\/uploads\/sites\/3\/2023\/06\/PhilippLipiarski-1944.jpg\" alt=\"\" class=\"wp-image-867\"><\/figure>\n\n\n\n<figure class=\"wp-block-image size-large\"><img decoding=\"async\" data-id=\"163\" src=\"https:\/\/www.austrianworldsummit.com\/wp-content\/uploads\/sites\/3\/2023\/06\/PhilippLipiarski-1904.jpg\" alt=\"\" class=\"wp-image-163\"><\/figure>\n\n\n\n<figure class=\"wp-block-image size-large\"><img decoding=\"async\" data-id=\"163\" src=\"https:\/\/www.austrianworldsummit.com\/wp-content\/uploads\/sites\/3\/2023\/06\/PhilippLipiarski-1826.jpg\" alt=\"\" class=\"wp-image-163\"><\/figure>\n\n\n\n<figure class=\"wp-block-image size-large\"><img decoding=\"async\" data-id=\"1001\" src=\"https:\/\/www.austrianworldsummit.com\/wp-content\/uploads\/sites\/3\/2023\/06\/PhilippLipiarski-1789.jpg\" alt=\"\" class=\"wp-image-1001\"><\/figure>\n\n\n\n<figure class=\"wp-block-image size-large\"><img decoding=\"async\" data-id=\"1002\" src=\"https:\/\/www.austrianworldsummit.com\/wp-content\/uploads\/sites\/3\/2023\/06\/PhilippLipiarski-1757.jpg\" alt=\"\" class=\"wp-image-1002\"><\/figure>\n<\/figure>\n<\/div>\n<\/div>\n\n\n\n<hr class=\"wp-block-separator has-text-color has-color-33-color has-alpha-channel-opacity has-color-33-background-color has-background is-style-wide\">\n<\/div>\n\n\n\n<div class=\"wp-block-group is-nowrap is-layout-flex wp-container-core-group-is-layout-6c531013 wp-block-group-is-layout-flex\">\n<h2 class=\"wp-block-heading backhub\">Leading Partner<\/h2>\n<\/div>\n\n\n\n<div class=\"wp-block-group is-layout-flex wp-container-core-group-is-layout-a3a559bc wp-block-group-is-layout-flex\">\n<div class=\"wp-block-group has-global-padding is-layout-constrained wp-block-group-is-layout-constrained gs_D0l1dJ group_wrap\">\n<div id=\"greyd-69e90e8ab9d6e\" class=\"wp-block-greyd-box gs_IeMYbh greyd-content-box gs_IeMYbh\">\n<div class=\"wp-block-group is-content-justification-center is-nowrap is-layout-flex wp-container-core-group-is-layout-23441af8 wp-block-group-is-layout-flex\"><figure style=\"\" class=\"wp-block-image greyd-image  aligncenter gs_Lr3clQ\"><img decoding=\"async\" src=\"https:\/\/www.schwarzeneggerclimateinitiative.com\/wp-content\/uploads\/sites\/2\/2023\/05\/Raiffeisen_NOEW.svg\" class=\"wp-image-2846\" alt=\"Raiffeisen Nieder\u00f6sterreich-Wien\" \/><\/figure><\/div>\n<\/div>\n<\/div>\n\n\n\n<div class=\"wp-block-group has-global-padding is-layout-constrained wp-block-group-is-layout-constrained gs_njX7zf group_wrap\"><\/div>\n\n\n\n<div class=\"wp-block-group has-global-padding is-layout-constrained wp-block-group-is-layout-constrained gs_E3xTVR group_wrap\"><\/div>\n\n\n\n<div class=\"wp-block-group has-global-padding is-layout-constrained wp-block-group-is-layout-constrained gs_pq97ej group_wrap\"><\/div>\n<\/div>\n\n\n\n<hr class=\"wp-block-separator has-text-color has-color-33-color has-alpha-channel-opacity has-color-33-background-color has-background wp-embed-aspect-16-9 wp-has-aspect-ratio\">\n\n\n\n<div class=\"wp-block-group is-nowrap is-layout-flex wp-container-core-group-is-layout-6c531013 wp-block-group-is-layout-flex\">\n<h2 class=\"wp-block-heading backhub\">Gold Partner<\/h2>\n<\/div>\n\n\n\n<div class=\"wp-block-group is-layout-flex wp-container-core-group-is-layout-c8b6bfc8 wp-block-group-is-layout-flex\">\n<div class=\"wp-block-group has-global-padding is-layout-constrained wp-container-core-group-is-layout-19e250f3 wp-block-group-is-layout-constrained gs_ee6jlx group_wrap\">\n<div id=\"greyd-69e90e8aba4b0\" class=\"wp-block-greyd-box gs_dlT9zW greyd-content-box gs_dlT9zW\">\n<div class=\"wp-block-group is-content-justification-center is-nowrap is-layout-flex wp-container-core-group-is-layout-23441af8 wp-block-group-is-layout-flex\"><figure style=\"\" class=\"wp-block-image greyd-image  aligncenter gs_3YguDy\"><img src='https:\/\/www.austrianworldsummit.com\/wp-content\/uploads\/sites\/3\/2023\/05\/BMW_Grey-Colour_RGB.svg' ><\/figure><\/div>\n<\/div>\n<\/div>\n\n\n\n<div class=\"wp-block-group has-global-padding is-layout-constrained wp-container-core-group-is-layout-19e250f3 wp-block-group-is-layout-constrained gs_rc4ldF group_wrap\">\n<div id=\"greyd-69e90e8abaa3a\" class=\"wp-block-greyd-box gs_zU4ytC greyd-content-box gs_zU4ytC\">\n<div class=\"wp-block-group is-content-justification-center is-nowrap is-layout-flex wp-container-core-group-is-layout-23441af8 wp-block-group-is-layout-flex\"><figure style=\"\" class=\"wp-block-image greyd-image  aligncenter gs_BvDGXV\"><img decoding=\"async\" src=\"https:\/\/www.schwarzeneggerclimateinitiative.com\/wp-content\/uploads\/sites\/2\/2023\/05\/Denzel_Zitta_Perchtoldsdorf.svg\" class=\"wp-image-2860\" alt=\"Denzel\" \/><\/figure><\/div>\n<\/div>\n<\/div>\n\n\n\n<div class=\"wp-block-group has-global-padding is-layout-constrained wp-container-core-group-is-layout-19e250f3 wp-block-group-is-layout-constrained gs_TfGzuI group_wrap\"><\/div>\n\n\n\n<div class=\"wp-block-group has-global-padding is-layout-constrained wp-container-core-group-is-layout-19e250f3 wp-block-group-is-layout-constrained gs_255jIm group_wrap\"><\/div>\n<\/div>\n\n\n\n<hr class=\"wp-block-separator has-text-color has-color-33-color has-alpha-channel-opacity has-color-33-background-color has-background wp-embed-aspect-16-9 wp-has-aspect-ratio\">\n\n\n\n<div class=\"wp-block-group is-nowrap is-layout-flex wp-container-core-group-is-layout-6c531013 wp-block-group-is-layout-flex\">\n<h2 class=\"wp-block-heading backhub\">Silver Partner<\/h2>\n<\/div>\n\n\n\n<div class=\"wp-block-group is-layout-flex wp-container-core-group-is-layout-d2a02229 wp-block-group-is-layout-flex\" style=\"margin-bottom:var(--wp--preset--spacing--small)\">\n<div class=\"wp-block-group has-global-padding is-layout-constrained wp-container-core-group-is-layout-19e250f3 wp-block-group-is-layout-constrained gs_LkIsUw group_wrap\">\n<div id=\"greyd-69e90e8abb1c0\" class=\"wp-block-greyd-box gs_boedOJ greyd-content-box gs_boedOJ flex-justify-center\">\n<div class=\"wp-block-group is-content-justification-center is-nowrap is-layout-flex wp-container-core-group-is-layout-23441af8 wp-block-group-is-layout-flex\"><figure style=\"\" class=\"wp-block-image greyd-image  aligncenter gs_AlZpG7\"><img decoding=\"async\" src=\"https:\/\/www.schwarzeneggerclimateinitiative.com\/wp-content\/uploads\/sites\/2\/2024\/01\/ecoplus_logo23_rgb.svg\" class=\"wp-image-6854\" alt=\"Logo eco plus\" \/><\/figure><\/div>\n<\/div>\n<\/div>\n\n\n\n<div class=\"wp-block-group has-global-padding is-layout-constrained wp-container-core-group-is-layout-19e250f3 wp-block-group-is-layout-constrained gs_MMBdBg group_wrap\">\n<div id=\"greyd-69e90e8abb7b2\" class=\"wp-block-greyd-box gs_Wpgm3B greyd-content-box gs_Wpgm3B\">\n<div class=\"wp-block-group is-content-justification-center is-nowrap is-layout-flex wp-container-core-group-is-layout-23441af8 wp-block-group-is-layout-flex\"><figure style=\"\" class=\"wp-block-image greyd-image  aligncenter gs_xIwUoE\"><img decoding=\"async\" src=\"https:\/\/www.schwarzeneggerclimateinitiative.com\/wp-content\/uploads\/sites\/2\/2024\/01\/WKO_NOE_4c.svg\" class=\"wp-image-6855\" alt=\"Logo WKO Nieder\u00f6sterreich\" \/><\/figure><\/div>\n<\/div>\n<\/div>\n\n\n\n<div class=\"wp-block-group has-global-padding is-layout-constrained wp-block-group-is-layout-constrained gs_XmRil6 group_wrap\"><\/div>\n<\/div>\n\n\n\n<hr class=\"wp-block-separator has-text-color has-color-33-color has-alpha-channel-opacity has-color-33-background-color has-background hidden-lg hidden-md hidden-sm hidden-xs wp-embed-aspect-16-9 wp-has-aspect-ratio\">\n\n\n\n\n<\/div>\n","protected":false},"excerpt":{"rendered":"<p>Willkommen im AWS SOLUTIONS HUB Beim AUSTRIAN WORLD SUMMIT Solutions Hub geht es darum, L\u00f6sungen f\u00fcr den Planeten zu pr\u00e4sentieren und relevante Stakeholder zu vernetzen &#8211; mit anderen Worten, ein Matchmaker f\u00fcr einen lebenswerten Planeten zu sein. Das sanierte, vielseitige Anwesen in Nieder\u00f6sterreich dient nicht nur als lebendiger Treffpunkt zum Netzwerken oder f\u00fcr Vortr\u00e4ge und [&hellip;]<\/p>\n","protected":false},"author":1,"featured_media":0,"parent":0,"menu_order":0,"comment_status":"closed","ping_status":"closed","template":"","meta":{"greyd_block_editor_preview":[],"footnotes":""},"page_category":[20],"class_list":["post-5578","page","type-page","status-publish","hentry","page_category-hub"],"_links":{"self":[{"href":"https:\/\/www.schwarzeneggerclimateinitiative.com\/de\/wp-json\/wp\/v2\/pages\/5578","targetHints":{"allow":["GET"]}}],"collection":[{"href":"https:\/\/www.schwarzeneggerclimateinitiative.com\/de\/wp-json\/wp\/v2\/pages"}],"about":[{"href":"https:\/\/www.schwarzeneggerclimateinitiative.com\/de\/wp-json\/wp\/v2\/types\/page"}],"author":[{"embeddable":true,"href":"https:\/\/www.schwarzeneggerclimateinitiative.com\/de\/wp-json\/wp\/v2\/users\/1"}],"replies":[{"embeddable":true,"href":"https:\/\/www.schwarzeneggerclimateinitiative.com\/de\/wp-json\/wp\/v2\/comments?post=5578"}],"version-history":[{"count":3,"href":"https:\/\/www.schwarzeneggerclimateinitiative.com\/de\/wp-json\/wp\/v2\/pages\/5578\/revisions"}],"predecessor-version":[{"id":9357,"href":"https:\/\/www.schwarzeneggerclimateinitiative.com\/de\/wp-json\/wp\/v2\/pages\/5578\/revisions\/9357"}],"wp:attachment":[{"href":"https:\/\/www.schwarzeneggerclimateinitiative.com\/de\/wp-json\/wp\/v2\/media?parent=5578"}],"wp:term":[{"taxonomy":"page_category","embeddable":true,"href":"https:\/\/www.schwarzeneggerclimateinitiative.com\/de\/wp-json\/wp\/v2\/page_category?post=5578"}],"curies":[{"name":"wp","href":"https:\/\/api.w.org\/{rel}","templated":true}]}}