{"id":5576,"date":"2023-07-04T12:12:02","date_gmt":"2023-07-04T10:12:02","guid":{"rendered":"https:\/\/www.schwarzeneggerclimateinitiative.com\/solutions-hub-standorte\/"},"modified":"2025-03-13T09:49:14","modified_gmt":"2025-03-13T08:49:14","slug":"solutions-hub-standorte","status":"publish","type":"page","link":"https:\/\/www.schwarzeneggerclimateinitiative.com\/de\/solutions-hub-standorte\/","title":{"rendered":"Solutions Hub &#8211; Standorte"},"content":{"rendered":"\n<div class=\"wp-block-group has-global-padding is-layout-constrained wp-block-group-is-layout-constrained\" style=\"margin-top:0;margin-bottom:0\">\n<div style=\"height:var(--wp--preset--spacing--medium)\" aria-hidden=\"true\" class=\"wp-block-spacer\"><\/div>\n\n\n\n<div class=\"wp-block-group has-global-padding is-layout-constrained wp-container-core-group-is-layout-bb5d4673 wp-block-group-is-layout-constrained\" style=\"margin-top:0;margin-bottom:0;padding-right:var(--wp--preset--spacing--small);padding-left:var(--wp--preset--spacing--small)\">\n<div class=\"wp-block-group is-layout-flex wp-container-core-group-is-layout-d0921e6e wp-block-group-is-layout-flex\">\n<div class=\"wp-block-group has-global-padding is-layout-constrained wp-block-group-is-layout-constrained gs_9GYzdY group_wrap\">\n<figure id=\"greyd-69d2c14163df0\" class=\"wp-block-embed is-type-video is-provider-youtube wp-block-embed-youtube wp-embed-aspect-16-9 wp-has-aspect-ratio\" style=\"margin-top:0;margin-right:0;margin-bottom:0;margin-left:0\"><div class=\"wp-block-embed__wrapper\">\n<iframe loading=\"lazy\" title=\"Rundgang am AWS Solutions Hub\" width=\"500\" height=\"281\" src=\"https:\/\/www.youtube.com\/embed\/z8vVBVwuVsY?feature=oembed\" frameborder=\"0\" allow=\"accelerometer; autoplay; clipboard-write; encrypted-media; gyroscope; picture-in-picture; web-share\" referrerpolicy=\"strict-origin-when-cross-origin\" allowfullscreen><\/iframe>\n<\/div><\/figure>\n<\/div>\n\n\n\n<div class=\"wp-block-group has-global-padding is-content-justification-left is-layout-constrained wp-container-core-group-is-layout-12dd3699 wp-block-group-is-layout-constrained gs_oTj8iW group_wrap\">\n<h2 class=\"wp-block-heading backhub\">Eine Tour durch den Hub<\/h2>\n\n\n\n<p>Das sanierte, vielseitige Anwesen dient nicht nur als <strong>lebendiger Treffpunkt<\/strong> f\u00fcr Networking oder Vortr\u00e4ge und Workshops, sondern pr\u00e4sentiert auch<strong> Good-Practice-Beispiele wie das System der erneuerbaren Energien<\/strong>.<\/p>\n<\/div>\n<\/div>\n<\/div>\n\n\n\n<hr class=\"wp-block-separator has-text-color has-color-33-color has-alpha-channel-opacity has-color-33-background-color has-background\" style=\"margin-top:var(--wp--preset--spacing--medium);margin-bottom:var(--wp--preset--spacing--medium)\">\n\n\n\n<div class=\"wp-block-group has-global-padding is-layout-constrained wp-container-core-group-is-layout-3a820303 wp-block-group-is-layout-constrained\" style=\"padding-right:var(--wp--preset--spacing--small);padding-left:var(--wp--preset--spacing--small)\">\n<div class=\"wp-block-group is-layout-flex wp-container-core-group-is-layout-d0921e6e wp-block-group-is-layout-flex\">\n<div class=\"wp-block-group has-global-padding is-layout-constrained wp-block-group-is-layout-constrained gs_pRtBI1 group_wrap\"><figure style=\"\" class=\"wp-block-image greyd-image  \"><img loading=\"lazy\" decoding=\"async\" width=\"1024\" height=\"683\" src=\"https:\/\/www.schwarzeneggerclimateinitiative.com\/wp-content\/uploads\/sites\/2\/2023\/07\/hub_on_stage-1024x683.jpg\" class=\"wp-image-2906\" alt=\"hub_on_stage\" srcset=\"https:\/\/www.schwarzeneggerclimateinitiative.com\/wp-content\/uploads\/sites\/2\/2023\/07\/hub_on_stage-1024x683.jpg 1024w, https:\/\/www.schwarzeneggerclimateinitiative.com\/wp-content\/uploads\/sites\/2\/2023\/07\/hub_on_stage-300x200.jpg 300w, https:\/\/www.schwarzeneggerclimateinitiative.com\/wp-content\/uploads\/sites\/2\/2023\/07\/hub_on_stage-768x512.jpg 768w, https:\/\/www.schwarzeneggerclimateinitiative.com\/wp-content\/uploads\/sites\/2\/2023\/07\/hub_on_stage-1536x1024.jpg 1536w, https:\/\/www.schwarzeneggerclimateinitiative.com\/wp-content\/uploads\/sites\/2\/2023\/07\/hub_on_stage-2048x1365.jpg 2048w\" sizes=\"auto, (max-width: 1024px) 100vw, 1024px\" \/><\/figure><\/div>\n\n\n\n<div class=\"wp-block-group has-global-padding is-content-justification-left is-layout-constrained wp-container-core-group-is-layout-12dd3699 wp-block-group-is-layout-constrained gs_1LoPKV group_wrap\">\n<h2 class=\"wp-block-heading backhub\">Hub on Stage<\/h2>\n\n\n\n<p>Der Stadl ist eine vielseitig nutzbare Veranstaltungslocation und bietet Raum f\u00fcr bis zu 300 Personen.<\/p>\n\n\n\n<p><strong>Gr\u00f6\u00dfe:<\/strong> ~ 280 m\u00b2<br><br><strong>Kapazit\u00e4t:<\/strong> ~ 300 Personen (sitzend und stehend) <br><br><strong>Geeignet f\u00fcr<\/strong>: Kongresse, Vortr\u00e4ge, Workshops, Podiumsdiskussionen, Gespr\u00e4chsrunden, Get-Together, PR- und Firmenveranstaltungen<br><br><strong>Nutzungszeitraum:<\/strong> Mai &#8211; Oktober<\/p>\n<\/div>\n<\/div>\n<\/div>\n\n\n\n<hr class=\"wp-block-separator has-text-color has-color-33-color has-alpha-channel-opacity has-color-33-background-color has-background\" style=\"margin-top:var(--wp--preset--spacing--medium);margin-bottom:var(--wp--preset--spacing--medium)\">\n\n\n\n<div class=\"wp-block-group has-global-padding is-layout-constrained wp-container-core-group-is-layout-3a820303 wp-block-group-is-layout-constrained\" style=\"padding-right:var(--wp--preset--spacing--small);padding-left:var(--wp--preset--spacing--small)\">\n<div class=\"wp-block-group is-layout-flex wp-container-core-group-is-layout-d0921e6e wp-block-group-is-layout-flex\">\n<div class=\"wp-block-group has-global-padding is-layout-constrained wp-block-group-is-layout-constrained gs_iEZhtM group_wrap\"><figure style=\"\" class=\"wp-block-image greyd-image   gs_u1uuOV\"><img loading=\"lazy\" decoding=\"async\" width=\"1024\" height=\"683\" src=\"https:\/\/www.schwarzeneggerclimateinitiative.com\/wp-content\/uploads\/sites\/2\/2023\/07\/cafe_lounge-1024x683.jpg\" class=\"wp-image-2904\" alt=\"cafe_lounge\" srcset=\"https:\/\/www.schwarzeneggerclimateinitiative.com\/wp-content\/uploads\/sites\/2\/2023\/07\/cafe_lounge-1024x683.jpg 1024w, https:\/\/www.schwarzeneggerclimateinitiative.com\/wp-content\/uploads\/sites\/2\/2023\/07\/cafe_lounge-300x200.jpg 300w, https:\/\/www.schwarzeneggerclimateinitiative.com\/wp-content\/uploads\/sites\/2\/2023\/07\/cafe_lounge-768x512.jpg 768w, https:\/\/www.schwarzeneggerclimateinitiative.com\/wp-content\/uploads\/sites\/2\/2023\/07\/cafe_lounge-1536x1024.jpg 1536w, https:\/\/www.schwarzeneggerclimateinitiative.com\/wp-content\/uploads\/sites\/2\/2023\/07\/cafe_lounge-2048x1365.jpg 2048w\" sizes=\"auto, (max-width: 1024px) 100vw, 1024px\" \/><\/figure><\/div>\n\n\n\n<div class=\"wp-block-group has-global-padding is-content-justification-left is-layout-constrained wp-container-core-group-is-layout-12dd3699 wp-block-group-is-layout-constrained gs_7vNupo group_wrap\">\n<h2 class=\"wp-block-heading backhub\">Caf\u00e9 Lounge<\/h2>\n\n\n\n<p>An diesem Ort kann die Arbeit auch manchmal Pause machen. Ein Raum zur St\u00e4rkung und der M\u00f6glichkeit f\u00fcr einen guten After-Work Drink.<\/p>\n\n\n\n<p><strong>Gr\u00f6\u00dfe<\/strong>: ~ 85 m\u00b2<br><br><strong>Kapazit\u00e4t<\/strong>: ~ pax 40 sitzend\/50 stehend <br><br><strong>Geeignet f\u00fcr<\/strong>: Get-together, Chill-Out-Area, Snackbereich (Kaffee, Tee, Snacks, etc.), PR- &amp; Firmenveranstaltung, Workshop, Co-Working-Space <br><br><strong>Nutzungszeitraum:<\/strong> ganzj\u00e4hrig<\/p>\n<\/div>\n<\/div>\n<\/div>\n\n\n\n<hr class=\"wp-block-separator has-text-color has-color-33-color has-alpha-channel-opacity has-color-33-background-color has-background\" style=\"margin-top:var(--wp--preset--spacing--medium);margin-bottom:var(--wp--preset--spacing--medium)\">\n\n\n\n<div class=\"wp-block-group has-global-padding is-layout-constrained wp-container-core-group-is-layout-3a820303 wp-block-group-is-layout-constrained\" style=\"padding-right:var(--wp--preset--spacing--small);padding-left:var(--wp--preset--spacing--small)\">\n<div class=\"wp-block-group is-layout-flex wp-container-core-group-is-layout-d0921e6e wp-block-group-is-layout-flex\">\n<div class=\"wp-block-group has-global-padding is-layout-constrained wp-block-group-is-layout-constrained gs_hEiO2V group_wrap\"><figure style=\"\" class=\"wp-block-image greyd-image   gs_Fp7ceP\"><img loading=\"lazy\" decoding=\"async\" width=\"1024\" height=\"683\" src=\"https:\/\/www.schwarzeneggerclimateinitiative.com\/wp-content\/uploads\/sites\/2\/2023\/07\/arnolds_stammtisch-1024x683.jpg\" class=\"wp-image-2903\" alt=\"arnolds_stammtisch\" srcset=\"https:\/\/www.schwarzeneggerclimateinitiative.com\/wp-content\/uploads\/sites\/2\/2023\/07\/arnolds_stammtisch-1024x683.jpg 1024w, https:\/\/www.schwarzeneggerclimateinitiative.com\/wp-content\/uploads\/sites\/2\/2023\/07\/arnolds_stammtisch-300x200.jpg 300w, https:\/\/www.schwarzeneggerclimateinitiative.com\/wp-content\/uploads\/sites\/2\/2023\/07\/arnolds_stammtisch-768x512.jpg 768w, https:\/\/www.schwarzeneggerclimateinitiative.com\/wp-content\/uploads\/sites\/2\/2023\/07\/arnolds_stammtisch-1536x1024.jpg 1536w, https:\/\/www.schwarzeneggerclimateinitiative.com\/wp-content\/uploads\/sites\/2\/2023\/07\/arnolds_stammtisch-2048x1365.jpg 2048w\" sizes=\"auto, (max-width: 1024px) 100vw, 1024px\" \/><\/figure><\/div>\n\n\n\n<div class=\"wp-block-group has-global-padding is-content-justification-left is-layout-constrained wp-container-core-group-is-layout-12dd3699 wp-block-group-is-layout-constrained gs_I8Zz2X group_wrap\">\n<h2 class=\"wp-block-heading backhub\">Arnold&#8217;s Stammtisch<\/h2>\n\n\n\n<p>Arnold\u2019s Stammtisch befindet sich in diesem Raum mit dem ausgepr\u00e4gten Deckengew\u00f6lbe. Die Nutzungsm\u00f6glichkeiten sind sehr vielseitig \u2013 vom gesetzten Essen bis zum Workshop ist alles umsetzbar.<\/p>\n\n\n\n<p><strong>Gr\u00f6\u00dfe:<\/strong> ~ 72 m\u00b2<br><br><strong>Kapazit\u00e4t:<\/strong> bis zu 60 Personen (sitzend) und 80 Personen (stehend) <br><br><strong>Geeignet f\u00fcr:<\/strong> Co-Working Space, Workshops, Schulungen, Vortr\u00e4ge, Besprechungen, runde Tische, servierte Mittag- und Abendessen, PR &amp; Firmenveranstaltungen, Get-together <br><br><strong>Nutzungszeitraum:<\/strong> ganzj\u00e4hrig<\/p>\n<\/div>\n<\/div>\n<\/div>\n\n\n\n<hr class=\"wp-block-separator has-text-color has-color-33-color has-alpha-channel-opacity has-color-33-background-color has-background\" style=\"margin-top:var(--wp--preset--spacing--medium);margin-bottom:var(--wp--preset--spacing--medium)\">\n\n\n\n<div class=\"wp-block-group has-global-padding is-layout-constrained wp-container-core-group-is-layout-3a820303 wp-block-group-is-layout-constrained\" style=\"padding-right:var(--wp--preset--spacing--small);padding-left:var(--wp--preset--spacing--small)\">\n<div class=\"wp-block-group is-layout-flex wp-container-core-group-is-layout-d0921e6e wp-block-group-is-layout-flex\">\n<div class=\"wp-block-group has-global-padding is-layout-constrained wp-block-group-is-layout-constrained gs_hdUvo3 group_wrap\"><figure style=\"\" class=\"wp-block-image greyd-image   gs_5mCmZr\"><img loading=\"lazy\" decoding=\"async\" width=\"1024\" height=\"683\" src=\"https:\/\/www.schwarzeneggerclimateinitiative.com\/wp-content\/uploads\/sites\/2\/2023\/07\/kaminzimmer-1024x683.jpg\" class=\"wp-image-2907\" alt=\"kaminzimmer\" srcset=\"https:\/\/www.schwarzeneggerclimateinitiative.com\/wp-content\/uploads\/sites\/2\/2023\/07\/kaminzimmer-1024x683.jpg 1024w, https:\/\/www.schwarzeneggerclimateinitiative.com\/wp-content\/uploads\/sites\/2\/2023\/07\/kaminzimmer-300x200.jpg 300w, https:\/\/www.schwarzeneggerclimateinitiative.com\/wp-content\/uploads\/sites\/2\/2023\/07\/kaminzimmer-768x512.jpg 768w, https:\/\/www.schwarzeneggerclimateinitiative.com\/wp-content\/uploads\/sites\/2\/2023\/07\/kaminzimmer-1536x1024.jpg 1536w, https:\/\/www.schwarzeneggerclimateinitiative.com\/wp-content\/uploads\/sites\/2\/2023\/07\/kaminzimmer-2048x1365.jpg 2048w\" sizes=\"auto, (max-width: 1024px) 100vw, 1024px\" \/><\/figure><\/div>\n\n\n\n<div class=\"wp-block-group has-global-padding is-content-justification-left is-layout-constrained wp-container-core-group-is-layout-12dd3699 wp-block-group-is-layout-constrained gs_YunLeI group_wrap\">\n<h2 class=\"wp-block-heading backhub\">Kaminzimmer<\/h2>\n\n\n\n<p>Ein Highlight des Hubs ist das Kaminzimmer. Dieser Raum kann mit seinem zentral gelegenen Kamin bis in den Fr\u00fchwinter genutzt werden und sorgt f\u00fcr ein wohliges und entspanntes Raumklima. Ideal f\u00fcr kleinere Runden oder einen privaten Austausch.<\/p>\n\n\n\n<p><strong>Gr\u00f6\u00dfe:<\/strong> ~ 108 m\u00b2<br><br><strong>Kapazit\u00e4t<\/strong>: ~30 &#8211; 50 Personen (sitzend) <br><br><strong>Geeignet f\u00fcr:<\/strong> Kamingespr\u00e4che, Meetings, Workshops, Get-together, Diskussionsrunden, Chill-out-Bereich, Snackbereich <br><br><strong>Nutzungszeitraum:<\/strong> M\u00e4rz &#8211; November  <\/p>\n<\/div>\n<\/div>\n<\/div>\n\n\n\n<hr class=\"wp-block-separator has-text-color has-color-33-color has-alpha-channel-opacity has-color-33-background-color has-background\" style=\"margin-top:var(--wp--preset--spacing--medium);margin-bottom:var(--wp--preset--spacing--medium)\">\n\n\n\n<div class=\"wp-block-group has-global-padding is-layout-constrained wp-container-core-group-is-layout-3a820303 wp-block-group-is-layout-constrained\" style=\"padding-right:var(--wp--preset--spacing--small);padding-left:var(--wp--preset--spacing--small)\">\n<div class=\"wp-block-group is-layout-flex wp-container-core-group-is-layout-d0921e6e wp-block-group-is-layout-flex\">\n<div class=\"wp-block-group has-global-padding is-layout-constrained wp-block-group-is-layout-constrained gs_11E50M group_wrap\"><figure style=\"\" class=\"wp-block-image greyd-image   gs_y0rZ6x\"><img loading=\"lazy\" decoding=\"async\" width=\"1024\" height=\"683\" src=\"https:\/\/www.schwarzeneggerclimateinitiative.com\/wp-content\/uploads\/sites\/2\/2023\/07\/creative_garden-1024x683.jpg\" class=\"wp-image-2905\" alt=\"creative_garden\" srcset=\"https:\/\/www.schwarzeneggerclimateinitiative.com\/wp-content\/uploads\/sites\/2\/2023\/07\/creative_garden-1024x683.jpg 1024w, https:\/\/www.schwarzeneggerclimateinitiative.com\/wp-content\/uploads\/sites\/2\/2023\/07\/creative_garden-300x200.jpg 300w, https:\/\/www.schwarzeneggerclimateinitiative.com\/wp-content\/uploads\/sites\/2\/2023\/07\/creative_garden-768x512.jpg 768w, https:\/\/www.schwarzeneggerclimateinitiative.com\/wp-content\/uploads\/sites\/2\/2023\/07\/creative_garden-1536x1024.jpg 1536w, https:\/\/www.schwarzeneggerclimateinitiative.com\/wp-content\/uploads\/sites\/2\/2023\/07\/creative_garden-2048x1365.jpg 2048w\" sizes=\"auto, (max-width: 1024px) 100vw, 1024px\" \/><\/figure><\/div>\n\n\n\n<div class=\"wp-block-group has-global-padding is-content-justification-left is-layout-constrained wp-container-core-group-is-layout-12dd3699 wp-block-group-is-layout-constrained gs_1c3W3X group_wrap\">\n<h2 class=\"wp-block-heading backhub\">Creative Garden<\/h2>\n\n\n\n<p>Im Herzen des Hubs liegt der Creative Garden.<br>Dieser Ort besticht durch sein gr\u00fcnes Ambiente und bietet die n\u00f6tige Ruhe und Raum, um der Kreativit\u00e4t und L\u00f6sungsfindung freien Lauf zu lassen.<\/p>\n\n\n\n<p><strong>Gr\u00f6\u00dfe:<\/strong> ~ 60 m\u00b2<br><br><strong>Kapazit\u00e4t<\/strong>: ~ 45 pax (sitzend) <br><br><strong>Geeignet f\u00fcr:<\/strong> Workshops, Schulungen, Meetings, runde Tische, Chill-out-Bereich, Podiumsdiskussionen<br><br><strong>Nutzungszeitraum:<\/strong> Mai &#8211; Oktober<\/p>\n<\/div>\n<\/div>\n<\/div>\n<\/div>\n","protected":false},"excerpt":{"rendered":"<p>Eine Tour durch den Hub Das sanierte, vielseitige Anwesen dient nicht nur als lebendiger Treffpunkt f\u00fcr Networking oder Vortr\u00e4ge und Workshops, sondern pr\u00e4sentiert auch Good-Practice-Beispiele wie das System der erneuerbaren Energien. Hub on Stage Der Stadl ist eine vielseitig nutzbare Veranstaltungslocation und bietet Raum f\u00fcr bis zu 300 Personen. Gr\u00f6\u00dfe: ~ 280 m\u00b2 Kapazit\u00e4t: ~ [&hellip;]<\/p>\n","protected":false},"author":1,"featured_media":0,"parent":0,"menu_order":0,"comment_status":"closed","ping_status":"closed","template":"","meta":{"greyd_block_editor_preview":[],"footnotes":""},"page_category":[20],"class_list":["post-5576","page","type-page","status-publish","hentry","page_category-hub"],"_links":{"self":[{"href":"https:\/\/www.schwarzeneggerclimateinitiative.com\/de\/wp-json\/wp\/v2\/pages\/5576","targetHints":{"allow":["GET"]}}],"collection":[{"href":"https:\/\/www.schwarzeneggerclimateinitiative.com\/de\/wp-json\/wp\/v2\/pages"}],"about":[{"href":"https:\/\/www.schwarzeneggerclimateinitiative.com\/de\/wp-json\/wp\/v2\/types\/page"}],"author":[{"embeddable":true,"href":"https:\/\/www.schwarzeneggerclimateinitiative.com\/de\/wp-json\/wp\/v2\/users\/1"}],"replies":[{"embeddable":true,"href":"https:\/\/www.schwarzeneggerclimateinitiative.com\/de\/wp-json\/wp\/v2\/comments?post=5576"}],"version-history":[{"count":1,"href":"https:\/\/www.schwarzeneggerclimateinitiative.com\/de\/wp-json\/wp\/v2\/pages\/5576\/revisions"}],"predecessor-version":[{"id":5582,"href":"https:\/\/www.schwarzeneggerclimateinitiative.com\/de\/wp-json\/wp\/v2\/pages\/5576\/revisions\/5582"}],"wp:attachment":[{"href":"https:\/\/www.schwarzeneggerclimateinitiative.com\/de\/wp-json\/wp\/v2\/media?parent=5576"}],"wp:term":[{"taxonomy":"page_category","embeddable":true,"href":"https:\/\/www.schwarzeneggerclimateinitiative.com\/de\/wp-json\/wp\/v2\/page_category?post=5576"}],"curies":[{"name":"wp","href":"https:\/\/api.w.org\/{rel}","templated":true}]}}