{"id":5570,"date":"2023-07-04T08:53:13","date_gmt":"2023-07-04T06:53:13","guid":{"rendered":"https:\/\/www.schwarzeneggerclimateinitiative.com\/solutions-hub-uber-uns\/"},"modified":"2023-07-04T08:53:13","modified_gmt":"2023-07-04T06:53:13","slug":"solutions-hub-uber-uns","status":"publish","type":"page","link":"https:\/\/www.schwarzeneggerclimateinitiative.com\/de\/solutions-hub-uber-uns\/","title":{"rendered":"Solutions Hub &#8211; \u00dcber uns"},"content":{"rendered":"\n<div class=\"wp-block-cover\" style=\"margin-top:0;margin-bottom:0;min-height:700px;aspect-ratio:unset;\"><span aria-hidden=\"true\" class=\"wp-block-cover__background has-color-31-background-color has-background-dim-70 has-background-dim\"><\/span><img loading=\"lazy\" decoding=\"async\" width=\"2400\" height=\"1600\" class=\"wp-block-cover__image-background wp-image-2215\" alt=\"AWS Solutions Hub\" src=\"https:\/\/www.schwarzeneggerclimateinitiative.com\/wp-content\/uploads\/sites\/2\/2023\/07\/hub_01.jpg\" data-object-fit=\"cover\" srcset=\"https:\/\/www.schwarzeneggerclimateinitiative.com\/wp-content\/uploads\/sites\/2\/2023\/07\/hub_01.jpg 2400w, https:\/\/www.schwarzeneggerclimateinitiative.com\/wp-content\/uploads\/sites\/2\/2023\/07\/hub_01-300x200.jpg 300w, https:\/\/www.schwarzeneggerclimateinitiative.com\/wp-content\/uploads\/sites\/2\/2023\/07\/hub_01-1024x683.jpg 1024w, https:\/\/www.schwarzeneggerclimateinitiative.com\/wp-content\/uploads\/sites\/2\/2023\/07\/hub_01-768x512.jpg 768w, https:\/\/www.schwarzeneggerclimateinitiative.com\/wp-content\/uploads\/sites\/2\/2023\/07\/hub_01-1536x1024.jpg 1536w, https:\/\/www.schwarzeneggerclimateinitiative.com\/wp-content\/uploads\/sites\/2\/2023\/07\/hub_01-2048x1365.jpg 2048w\" sizes=\"auto, (max-width: 2400px) 100vw, 2400px\" \/><div class=\"wp-block-cover__inner-container is-layout-flow wp-container-core-cover-is-layout-7c43e52d wp-block-cover-is-layout-flow\">\n<h2 class=\"wp-block-heading has-text-align-center\" style=\"font-size:clamp(1.743em, 1.743rem + ((1vw - 0.2em) * 1.862), 3em);\">Ein nachhaltiges Zuhause<\/h2>\n\n\n\n<p class=\"has-text-align-center animate-when-almost-visible fadeIn\" style=\"font-size:clamp(0.984em, 0.984rem + ((1vw - 0.2em) * 0.764), 1.5em);\">Die Schwarzenegger Klimainitiative organisiert den j\u00e4hrlichen <strong>AUSTRIAN WORLD SUMMIT<\/strong> (AWS), um L\u00f6sungen f\u00fcr den Planeten zu pr\u00e4sentieren und relevante Stakeholder zu vernetzen &#8211; und damit ein Matchmaker f\u00fcr einen lebenswerten Planeten zu sein. Die M\u00f6glichkeit mit einem internationalen Weltstar wie Arnold Schwarzenegger so viele Menschen laufend zu erreichen und zu begeistern, ist ein Alleinstellungsmerkmal des AWS. Nun bekommt der AWS <strong>ein eigenes, wundersch\u00f6nes Zuhause<\/strong>.  <\/p>\n<\/div><\/div>\n\n\n\n<div class=\"wp-block-cover\" style=\"margin-top:0;margin-bottom:0;min-height:700px;aspect-ratio:unset;\"><span aria-hidden=\"true\" class=\"wp-block-cover__background has-color-31-background-color has-background-dim-70 has-background-dim\"><\/span><img loading=\"lazy\" decoding=\"async\" width=\"2400\" height=\"1600\" class=\"wp-block-cover__image-background wp-image-2216\" alt=\"AWS Solutions Hub\" src=\"https:\/\/www.schwarzeneggerclimateinitiative.com\/wp-content\/uploads\/sites\/2\/2023\/07\/hub_02.jpg\" style=\"object-position:51% 47%\" data-object-fit=\"cover\" data-object-position=\"51% 47%\" srcset=\"https:\/\/www.schwarzeneggerclimateinitiative.com\/wp-content\/uploads\/sites\/2\/2023\/07\/hub_02.jpg 2400w, https:\/\/www.schwarzeneggerclimateinitiative.com\/wp-content\/uploads\/sites\/2\/2023\/07\/hub_02-300x200.jpg 300w, https:\/\/www.schwarzeneggerclimateinitiative.com\/wp-content\/uploads\/sites\/2\/2023\/07\/hub_02-1024x683.jpg 1024w, https:\/\/www.schwarzeneggerclimateinitiative.com\/wp-content\/uploads\/sites\/2\/2023\/07\/hub_02-768x512.jpg 768w, https:\/\/www.schwarzeneggerclimateinitiative.com\/wp-content\/uploads\/sites\/2\/2023\/07\/hub_02-1536x1024.jpg 1536w, https:\/\/www.schwarzeneggerclimateinitiative.com\/wp-content\/uploads\/sites\/2\/2023\/07\/hub_02-2048x1365.jpg 2048w\" sizes=\"auto, (max-width: 2400px) 100vw, 2400px\" \/><div class=\"wp-block-cover__inner-container is-layout-flow wp-container-core-cover-is-layout-7c43e52d wp-block-cover-is-layout-flow\">\n<h2 class=\"wp-block-heading has-text-align-center\" style=\"font-size:clamp(1.743em, 1.743rem + ((1vw - 0.2em) * 1.862), 3em);\">Matchmaking und L\u00f6sungsfindung  <\/h2>\n\n\n\n<p class=\"has-text-align-center animate-when-almost-visible fadeIn\" style=\"font-size:clamp(0.984em, 0.984rem + ((1vw - 0.2em) * 0.764), 1.5em);\">Um dieses notwendige Matchmaking und L\u00f6sungen noch zielgerichteter und in regelm\u00e4\u00dfig strukturierter Form zu erm\u00f6glichen, wurde im nieder\u00f6sterreichischen Asparn an der Zaya (ca. 50 km von Wien entfernt) der <strong>AUSTRIAN WORLD SUMMIT Solutions Hub<\/strong> gegr\u00fcndet. Arnold Schwarzenegger er\u00f6ffnete den Hub am <sup>17. Mai 2023<\/sup>. <\/p>\n<\/div><\/div>\n\n\n\n<div class=\"wp-block-cover\" style=\"margin-top:0;margin-bottom:0;min-height:700px;aspect-ratio:unset;\"><span aria-hidden=\"true\" class=\"wp-block-cover__background has-color-31-background-color has-background-dim-70 has-background-dim\"><\/span><img loading=\"lazy\" decoding=\"async\" width=\"2400\" height=\"1600\" class=\"wp-block-cover__image-background wp-image-2217\" alt=\"AWS Solutions Hub\" src=\"https:\/\/www.schwarzeneggerclimateinitiative.com\/wp-content\/uploads\/sites\/2\/2023\/07\/hub_03.jpg\" data-object-fit=\"cover\" srcset=\"https:\/\/www.schwarzeneggerclimateinitiative.com\/wp-content\/uploads\/sites\/2\/2023\/07\/hub_03.jpg 2400w, https:\/\/www.schwarzeneggerclimateinitiative.com\/wp-content\/uploads\/sites\/2\/2023\/07\/hub_03-300x200.jpg 300w, https:\/\/www.schwarzeneggerclimateinitiative.com\/wp-content\/uploads\/sites\/2\/2023\/07\/hub_03-1024x683.jpg 1024w, https:\/\/www.schwarzeneggerclimateinitiative.com\/wp-content\/uploads\/sites\/2\/2023\/07\/hub_03-768x512.jpg 768w, https:\/\/www.schwarzeneggerclimateinitiative.com\/wp-content\/uploads\/sites\/2\/2023\/07\/hub_03-1536x1024.jpg 1536w, https:\/\/www.schwarzeneggerclimateinitiative.com\/wp-content\/uploads\/sites\/2\/2023\/07\/hub_03-2048x1365.jpg 2048w\" sizes=\"auto, (max-width: 2400px) 100vw, 2400px\" \/><div class=\"wp-block-cover__inner-container is-layout-flow wp-container-core-cover-is-layout-7c43e52d wp-block-cover-is-layout-flow\">\n<h2 class=\"wp-block-heading has-text-align-center\" style=\"font-size:clamp(1.743em, 1.743rem + ((1vw - 0.2em) * 1.862), 3em);\">Ein umweltfreundlicher Hub  <\/h2>\n\n\n\n<p class=\"has-text-align-center animate-when-almost-visible fadeIn\" style=\"font-size:clamp(0.984em, 0.984rem + ((1vw - 0.2em) * 0.764), 1.5em);\">Ein renovierter, vielseitig nutzbarer Gutshof dient nicht nur als lebendiger Treffpunkt f\u00fcr die Vernetzung, Abhaltung von Seminaren und Workshops, sondern geht auch mit Best-Practice Beispielen im Bereich erneuerbare Energie und moderne Speichertechnologien, Lebensmittelsicherheit &amp; Ern\u00e4hrung (lokal und biologisch), Biodiversit\u00e4t, Wassermanagement und Green Finance voran. Der Wirkungsgrad des AWS erweitert sich damit auch \u201e<strong>on a daily basis<\/strong>\u201c und ist st\u00e4rker sichtbar. <\/p>\n<\/div><\/div>\n\n\n\n<div class=\"wp-block-cover\" style=\"margin-top:0;margin-bottom:0;min-height:700px;aspect-ratio:unset;\"><span aria-hidden=\"true\" class=\"wp-block-cover__background has-color-31-background-color has-background-dim-70 has-background-dim\"><\/span><img loading=\"lazy\" decoding=\"async\" width=\"2400\" height=\"1600\" class=\"wp-block-cover__image-background wp-image-2218\" alt=\"AWS Solutions Hub\" src=\"https:\/\/www.schwarzeneggerclimateinitiative.com\/wp-content\/uploads\/sites\/2\/2023\/07\/hub_04.jpg\" data-object-fit=\"cover\" srcset=\"https:\/\/www.schwarzeneggerclimateinitiative.com\/wp-content\/uploads\/sites\/2\/2023\/07\/hub_04.jpg 2400w, https:\/\/www.schwarzeneggerclimateinitiative.com\/wp-content\/uploads\/sites\/2\/2023\/07\/hub_04-300x200.jpg 300w, https:\/\/www.schwarzeneggerclimateinitiative.com\/wp-content\/uploads\/sites\/2\/2023\/07\/hub_04-1024x683.jpg 1024w, https:\/\/www.schwarzeneggerclimateinitiative.com\/wp-content\/uploads\/sites\/2\/2023\/07\/hub_04-768x512.jpg 768w, https:\/\/www.schwarzeneggerclimateinitiative.com\/wp-content\/uploads\/sites\/2\/2023\/07\/hub_04-1536x1024.jpg 1536w, https:\/\/www.schwarzeneggerclimateinitiative.com\/wp-content\/uploads\/sites\/2\/2023\/07\/hub_04-2048x1365.jpg 2048w\" sizes=\"auto, (max-width: 2400px) 100vw, 2400px\" \/><div class=\"wp-block-cover__inner-container is-layout-flow wp-container-core-cover-is-layout-7c43e52d wp-block-cover-is-layout-flow\">\n<h2 class=\"wp-block-heading has-text-align-center\" style=\"font-size:clamp(1.743em, 1.743rem + ((1vw - 0.2em) * 1.862), 3em);\">Ziele der Drehscheibe<\/h2>\n\n\n\n<p class=\"has-text-align-center\" style=\"font-size:clamp(0.984em, 0.984rem + ((1vw - 0.2em) * 0.764), 1.5em);\">Professionelle <strong>Klimakommunikation<\/strong> als Instrument der besseren Vermittlung der klimarelevanten Themen an eine breite Bev\u00f6lkerung<\/p>\n\n\n\n<p class=\"has-text-align-center\" style=\"font-size:clamp(0.984em, 0.984rem + ((1vw - 0.2em) * 0.764), 1.5em);\"><strong>Sichtbarmachung von Best Practice Beispielen<\/strong> und Klimaschutz-L\u00f6sungen<\/p>\n\n\n\n<p class=\"has-text-align-center\" style=\"font-size:clamp(0.984em, 0.984rem + ((1vw - 0.2em) * 0.764), 1.5em);\"><strong>L\u00f6sungen f\u00fcr Transformation der Wirtschaft<\/strong>: neue Technologien, neue Wirtschaftsmodelle und Adaption<\/p>\n\n\n\n<p class=\"has-text-align-center\" style=\"font-size:clamp(0.984em, 0.984rem + ((1vw - 0.2em) * 0.764), 1.5em);\"><strong>Matchmaking<\/strong>: Etablierte Firmen mit Start-Ups, Multiplikatoren etc. vernetzen<\/p>\n\n\n\n<p class=\"has-text-align-center\" style=\"font-size:clamp(0.984em, 0.984rem + ((1vw - 0.2em) * 0.764), 1.5em);\"><strong>Lokale, nationale und internationale Ebenen<\/strong> pr\u00e4sentieren und deren Wechselwirkungen hervorheben<\/p>\n<\/div><\/div>\n","protected":false},"excerpt":{"rendered":"","protected":false},"author":1,"featured_media":0,"parent":0,"menu_order":0,"comment_status":"closed","ping_status":"closed","template":"","meta":{"greyd_block_editor_preview":[],"footnotes":""},"page_category":[20],"class_list":["post-5570","page","type-page","status-publish","hentry","page_category-hub"],"_links":{"self":[{"href":"https:\/\/www.schwarzeneggerclimateinitiative.com\/de\/wp-json\/wp\/v2\/pages\/5570","targetHints":{"allow":["GET"]}}],"collection":[{"href":"https:\/\/www.schwarzeneggerclimateinitiative.com\/de\/wp-json\/wp\/v2\/pages"}],"about":[{"href":"https:\/\/www.schwarzeneggerclimateinitiative.com\/de\/wp-json\/wp\/v2\/types\/page"}],"author":[{"embeddable":true,"href":"https:\/\/www.schwarzeneggerclimateinitiative.com\/de\/wp-json\/wp\/v2\/users\/1"}],"replies":[{"embeddable":true,"href":"https:\/\/www.schwarzeneggerclimateinitiative.com\/de\/wp-json\/wp\/v2\/comments?post=5570"}],"version-history":[{"count":0,"href":"https:\/\/www.schwarzeneggerclimateinitiative.com\/de\/wp-json\/wp\/v2\/pages\/5570\/revisions"}],"wp:attachment":[{"href":"https:\/\/www.schwarzeneggerclimateinitiative.com\/de\/wp-json\/wp\/v2\/media?parent=5570"}],"wp:term":[{"taxonomy":"page_category","embeddable":true,"href":"https:\/\/www.schwarzeneggerclimateinitiative.com\/de\/wp-json\/wp\/v2\/page_category?post=5570"}],"curies":[{"name":"wp","href":"https:\/\/api.w.org\/{rel}","templated":true}]}}