{"id":5564,"date":"2024-06-16T21:07:08","date_gmt":"2024-06-16T19:07:08","guid":{"rendered":"https:\/\/www.schwarzeneggerclimateinitiative.com\/erneuerbare-energie\/"},"modified":"2025-07-28T10:59:01","modified_gmt":"2025-07-28T08:59:01","slug":"erneuerbare-energie","status":"publish","type":"page","link":"https:\/\/www.schwarzeneggerclimateinitiative.com\/de\/erneuerbare-energie\/","title":{"rendered":"Solutions Hub &#8211; Erneuerbare Energie"},"content":{"rendered":"<div  class=\"spacer_wrap \" aria-hidden=\"true\"><div class=\"wp-block-spacer inner-sm inner-md\" style=\"height:calc(50px * 0.3)\" aria-hidden=\"true\"><\/div><div class=\"wp-block-spacer inner-lg inner-xl\" style=\"height:50px\" aria-hidden=\"true\"><\/div><\/div>\n\n\n<div class=\"wp-block-group has-global-padding is-layout-constrained wp-container-core-group-is-layout-3a820303 wp-block-group-is-layout-constrained\" style=\"padding-right:var(--wp--preset--spacing--small);padding-left:var(--wp--preset--spacing--small)\">\n<div class=\"wp-block-group is-nowrap is-layout-flex wp-container-core-group-is-layout-6c531013 wp-block-group-is-layout-flex\">\n<h2 class=\"wp-block-heading backhub\">Erneuerbare Energie<\/h2>\n<\/div>\n\n\n\n<div class=\"wp-block-group is-layout-flex wp-container-core-group-is-layout-d0921e6e wp-block-group-is-layout-flex\">\n<div class=\"wp-block-group has-global-padding is-layout-constrained wp-block-group-is-layout-constrained gs_fhnKHJ group_wrap\">\n<figure class=\"wp-block-image size-large\"><img loading=\"lazy\" decoding=\"async\" width=\"1024\" height=\"683\" src=\"https:\/\/www.schwarzeneggerclimateinitiative.com\/wp-content\/uploads\/sites\/2\/2024\/06\/hub_solar_luftfoto-1024x683.jpg\" alt=\"\" class=\"wp-image-3998\" srcset=\"https:\/\/www.schwarzeneggerclimateinitiative.com\/wp-content\/uploads\/sites\/2\/2024\/06\/hub_solar_luftfoto-1024x683.jpg 1024w, https:\/\/www.schwarzeneggerclimateinitiative.com\/wp-content\/uploads\/sites\/2\/2024\/06\/hub_solar_luftfoto-300x200.jpg 300w, https:\/\/www.schwarzeneggerclimateinitiative.com\/wp-content\/uploads\/sites\/2\/2024\/06\/hub_solar_luftfoto-768x512.jpg 768w, https:\/\/www.schwarzeneggerclimateinitiative.com\/wp-content\/uploads\/sites\/2\/2024\/06\/hub_solar_luftfoto-1536x1024.jpg 1536w, https:\/\/www.schwarzeneggerclimateinitiative.com\/wp-content\/uploads\/sites\/2\/2024\/06\/hub_solar_luftfoto.jpg 1800w\" sizes=\"auto, (max-width: 1024px) 100vw, 1024px\" \/><\/figure>\n<\/div>\n\n\n\n<div class=\"wp-block-group has-global-padding is-layout-constrained wp-block-group-is-layout-constrained gs_1R5vKr group_wrap\">\n<h3 class=\"wp-block-heading backhub\"><strong>Strom der M\u00f6glichkeiten im Weinviertel: Gemeinsam f\u00fcr eine nachhaltige Zukunft<\/strong><\/h3>\n\n\n\n<p>Im Juni 2024 gr\u00fcndeten der AUSTRIAN WORLD SUMMIT Solutions Hub und Raiffeisen eine zukunftsweisende Energiegenossenschaft im Herzen des Weinviertels. Dieses innovative Erfolgsmodell liefert nicht nur sauberen, regionalen Strom zu fairen Preisen, sondern st\u00e4rkt auch die Gemeinschaft und f\u00f6rdert die Unabh\u00e4ngigkeit in Krisenzeiten. F\u00fcr die Erreichung unserer globalen Klimaziele ist der Einsatz und Ausbau von Innovationen besonders wichtig. Der AWS Solutions Hub ist mit seinem innovativen Energiesystem ein Beispiel f\u00fcr den daf\u00fcr notwendigen nachhaltigen und technischen Fortschritt.   <\/p>\n\n\n\n<p><strong>Photovoltaikanlagen auf historischem Gutshof<\/strong><\/p>\n\n\n\n<p>Auf dem Dach des jahrhundertealten Gutshofs befinden sich 297 Photovoltaik-Paneele. Diese Anlagen produzieren etwa 130 kWp 100% erneuerbaren Strom. Mit dieser Menge k\u00f6nnen bis zu 40 Haushalte versorgt werden.  <\/p>\n\n\n\n<p><strong>Energiespeicherung f\u00fcr Spitzenzeiten<\/strong><\/p>\n\n\n\n<p>F\u00fcr den Fall, dass kurzfristig viel Energie ben\u00f6tigt wird, gibt es am Hof 2 Speicherbatterien mit einer Kapazit\u00e4t von 60 kWh. Damit ist gew\u00e4hrleistet, dass bei einem \u00fcberdurchschnittlich hohen Bedarf gen\u00fcgend Energie vorhanden ist. <\/p>\n<\/div>\n<\/div>\n\n\n\n<div style=\"height:var(--wp--preset--spacing--medium)\" aria-hidden=\"true\" class=\"wp-block-spacer\"><\/div>\n\n\n\n<div class=\"wp-block-group is-layout-flex wp-container-core-group-is-layout-d0921e6e wp-block-group-is-layout-flex\">\n<div class=\"wp-block-group has-global-padding is-content-justification-left is-layout-constrained wp-container-core-group-is-layout-12dd3699 wp-block-group-is-layout-constrained gs_BXVXbP group_wrap\">\n<h2 class=\"wp-block-heading backhub\"><strong>Umweltfreundliche E-Tankstelle<\/strong><\/h2>\n\n\n\n<p>Diese umweltfreundliche Art der Energieerzeugung und -speicherung wird durch eine \u00f6ffentlich zug\u00e4ngliche E-Tankstelle (Schnelllader) abgerundet. Somit kann Strom aus 100% erneuerbarer und regionaler Energie vor Ort geladen werden. <\/p>\n\n\n\n<p><strong>Energie live erleben<\/strong><\/p>\n\n\n\n<p>Am AWS Solutions Hub kann man die Dynamik der Energiewelt hautnah erleben! Auf einem Bildschirm sieht man in Echtzeit, wohin der Strom flie\u00dft. Man kann beobachten wie die Energie entweder in die Speicherbatterien, die Ladestation oder direkt in die Gemeinschaft geleitet wird. Diese visuelle Darstellung macht die saubere Energieproduktion und -nutzung spannend und verst\u00e4ndlich \u2013 so wird die Zukunft der Energie f\u00fcr alle greifbarer.   <\/p>\n<\/div>\n\n\n\n<div class=\"wp-block-group has-global-padding is-layout-constrained wp-block-group-is-layout-constrained gs_dLUKcd group_wrap\">\n<figure class=\"wp-block-image size-large\"><img loading=\"lazy\" decoding=\"async\" width=\"1024\" height=\"683\" src=\"https:\/\/www.schwarzeneggerclimateinitiative.com\/wp-content\/uploads\/sites\/2\/2024\/06\/hub_stromtankstelle-1024x683.jpg\" alt=\"\" class=\"wp-image-4000\" srcset=\"https:\/\/www.schwarzeneggerclimateinitiative.com\/wp-content\/uploads\/sites\/2\/2024\/06\/hub_stromtankstelle-1024x683.jpg 1024w, https:\/\/www.schwarzeneggerclimateinitiative.com\/wp-content\/uploads\/sites\/2\/2024\/06\/hub_stromtankstelle-300x200.jpg 300w, https:\/\/www.schwarzeneggerclimateinitiative.com\/wp-content\/uploads\/sites\/2\/2024\/06\/hub_stromtankstelle-768x512.jpg 768w, https:\/\/www.schwarzeneggerclimateinitiative.com\/wp-content\/uploads\/sites\/2\/2024\/06\/hub_stromtankstelle-1536x1024.jpg 1536w, https:\/\/www.schwarzeneggerclimateinitiative.com\/wp-content\/uploads\/sites\/2\/2024\/06\/hub_stromtankstelle.jpg 1800w\" sizes=\"auto, (max-width: 1024px) 100vw, 1024px\" \/><\/figure>\n<\/div>\n<\/div>\n\n\n\n<div style=\"height:var(--wp--preset--spacing--medium)\" aria-hidden=\"true\" class=\"wp-block-spacer\"><\/div>\n\n\n\n<div class=\"wp-block-group is-layout-flex wp-container-core-group-is-layout-d0921e6e wp-block-group-is-layout-flex\">\n<div class=\"wp-block-group has-global-padding is-layout-constrained wp-block-group-is-layout-constrained gs_b5hGma group_wrap\">\n<figure class=\"wp-block-image size-large\"><img loading=\"lazy\" decoding=\"async\" width=\"1024\" height=\"683\" src=\"https:\/\/www.schwarzeneggerclimateinitiative.com\/wp-content\/uploads\/sites\/2\/2024\/06\/hub_solar_garten-1024x683.jpg\" alt=\"\" class=\"wp-image-3996\" srcset=\"https:\/\/www.schwarzeneggerclimateinitiative.com\/wp-content\/uploads\/sites\/2\/2024\/06\/hub_solar_garten-1024x683.jpg 1024w, https:\/\/www.schwarzeneggerclimateinitiative.com\/wp-content\/uploads\/sites\/2\/2024\/06\/hub_solar_garten-300x200.jpg 300w, https:\/\/www.schwarzeneggerclimateinitiative.com\/wp-content\/uploads\/sites\/2\/2024\/06\/hub_solar_garten-768x512.jpg 768w, https:\/\/www.schwarzeneggerclimateinitiative.com\/wp-content\/uploads\/sites\/2\/2024\/06\/hub_solar_garten-1536x1024.jpg 1536w, https:\/\/www.schwarzeneggerclimateinitiative.com\/wp-content\/uploads\/sites\/2\/2024\/06\/hub_solar_garten.jpg 1800w\" sizes=\"auto, (max-width: 1024px) 100vw, 1024px\" \/><\/figure>\n<\/div>\n\n\n\n<div class=\"wp-block-group has-global-padding is-content-justification-left is-layout-constrained wp-container-core-group-is-layout-12dd3699 wp-block-group-is-layout-constrained gs_NeFHyU group_wrap\">\n<h2 class=\"wp-block-heading backhub\"><strong>TEIL DER L\u00d6SUNG WERDEN!<\/strong><\/h2>\n\n\n\n<p><strong>Die Vorteile auf einen Blick:<\/strong><\/p>\n\n\n\n<ul class=\"wp-block-greyd-list\" id=\"list_69da12c3ad56d\">\n<li style=\"margin-left: 20px; \"><span class=\"list_icon\"><\/span><span class=\"list_content\"><p>Sauberer und nachhaltiger Strom: Profitieren Sie von umweltfreundlichem Strom aus Ihrer Region.<\/p><\/span><\/li>\n\n\n\n<li style=\"margin-left: 20px; \"><span class=\"list_icon\"><\/span><span class=\"list_content\"><p>Energieunabh\u00e4ngigkeit: Beziehen Sie regionalen Strom oder speisen Sie Strom aus eigenen Photovoltaikanlagen ein.<\/p><\/span><\/li>\n\n\n\n<li style=\"margin-left: 20px; \"><span class=\"list_icon\"><\/span><span class=\"list_content\"><p>Gemeinschaft: Im Fokus steht die Unterst\u00fctzung aller Mitglieder durch faire, attraktive und stabile Preise.<\/p><\/span><\/li>\n\n\n\n<li style=\"margin-left: 20px; \"><span class=\"list_icon\"><\/span><span class=\"list_content\"><p>Attraktive Preisvorteile: Genie\u00dfen Sie niedrigere Strompreise inkl. einem Rabatt von 28% auf die Netzgeb\u00fchren der gehandelten Strommengen.<\/p><\/span><\/li>\n<\/ul>\n\n\n\n<p>Werden Sie Teil der Energiegenossenschaft und leisten Sie einen aktiven Beitrag zu einer nachhaltigen und unabh\u00e4ngigen Energiezukunft. Gemeinsam schaffen wir eine gr\u00fcnere und lebenswertere Umwelt \u2013 f\u00fcr uns und die kommenden Generationen. <\/p>\n\n\n\n<p><a href=\"https:\/\/eeg.auri.at\">https:\/\/eeg.auri.at<\/a><\/p>\n<\/div>\n<\/div>\n<\/div>\n","protected":false},"excerpt":{"rendered":"<p>Erneuerbare Energie Strom der M\u00f6glichkeiten im Weinviertel: Gemeinsam f\u00fcr eine nachhaltige Zukunft Im Juni 2024 gr\u00fcndeten der AUSTRIAN WORLD SUMMIT Solutions Hub und Raiffeisen eine zukunftsweisende Energiegenossenschaft im Herzen des Weinviertels. Dieses innovative Erfolgsmodell liefert nicht nur sauberen, regionalen Strom zu fairen Preisen, sondern st\u00e4rkt auch die Gemeinschaft und f\u00f6rdert die Unabh\u00e4ngigkeit in Krisenzeiten. F\u00fcr [&hellip;]<\/p>\n","protected":false},"author":1,"featured_media":0,"parent":0,"menu_order":0,"comment_status":"closed","ping_status":"closed","template":"","meta":{"greyd_block_editor_preview":[],"footnotes":""},"page_category":[20],"class_list":["post-5564","page","type-page","status-publish","hentry","page_category-hub"],"_links":{"self":[{"href":"https:\/\/www.schwarzeneggerclimateinitiative.com\/de\/wp-json\/wp\/v2\/pages\/5564","targetHints":{"allow":["GET"]}}],"collection":[{"href":"https:\/\/www.schwarzeneggerclimateinitiative.com\/de\/wp-json\/wp\/v2\/pages"}],"about":[{"href":"https:\/\/www.schwarzeneggerclimateinitiative.com\/de\/wp-json\/wp\/v2\/types\/page"}],"author":[{"embeddable":true,"href":"https:\/\/www.schwarzeneggerclimateinitiative.com\/de\/wp-json\/wp\/v2\/users\/1"}],"replies":[{"embeddable":true,"href":"https:\/\/www.schwarzeneggerclimateinitiative.com\/de\/wp-json\/wp\/v2\/comments?post=5564"}],"version-history":[{"count":2,"href":"https:\/\/www.schwarzeneggerclimateinitiative.com\/de\/wp-json\/wp\/v2\/pages\/5564\/revisions"}],"predecessor-version":[{"id":8844,"href":"https:\/\/www.schwarzeneggerclimateinitiative.com\/de\/wp-json\/wp\/v2\/pages\/5564\/revisions\/8844"}],"wp:attachment":[{"href":"https:\/\/www.schwarzeneggerclimateinitiative.com\/de\/wp-json\/wp\/v2\/media?parent=5564"}],"wp:term":[{"taxonomy":"page_category","embeddable":true,"href":"https:\/\/www.schwarzeneggerclimateinitiative.com\/de\/wp-json\/wp\/v2\/page_category?post=5564"}],"curies":[{"name":"wp","href":"https:\/\/api.w.org\/{rel}","templated":true}]}}