{"id":2921,"date":"2023-07-04T10:33:28","date_gmt":"2023-07-04T08:33:28","guid":{"rendered":"https:\/\/www.schwarzeneggerclimateinitiative.com\/solutions-hub-join-the-hub\/"},"modified":"2025-07-21T08:04:50","modified_gmt":"2025-07-21T06:04:50","slug":"solutions-hub-join-the-hub","status":"publish","type":"page","link":"https:\/\/www.schwarzeneggerclimateinitiative.com\/de\/solutions-hub-join-the-hub\/","title":{"rendered":"Solutions Hub &#8211; Join the Hub"},"content":{"rendered":"\n<div class=\"wp-block-cover\" style=\"min-height:50vh;aspect-ratio:unset;\"><img loading=\"lazy\" decoding=\"async\" width=\"2400\" height=\"1600\" class=\"wp-block-cover__image-background wp-image-2225\" alt=\"\" src=\"https:\/\/www.schwarzeneggerclimateinitiative.com\/wp-content\/uploads\/sites\/2\/2023\/07\/join_the_hub.jpg\" data-object-fit=\"cover\" srcset=\"https:\/\/www.schwarzeneggerclimateinitiative.com\/wp-content\/uploads\/sites\/2\/2023\/07\/join_the_hub.jpg 2400w, https:\/\/www.schwarzeneggerclimateinitiative.com\/wp-content\/uploads\/sites\/2\/2023\/07\/join_the_hub-300x200.jpg 300w, https:\/\/www.schwarzeneggerclimateinitiative.com\/wp-content\/uploads\/sites\/2\/2023\/07\/join_the_hub-1024x683.jpg 1024w, https:\/\/www.schwarzeneggerclimateinitiative.com\/wp-content\/uploads\/sites\/2\/2023\/07\/join_the_hub-768x512.jpg 768w, https:\/\/www.schwarzeneggerclimateinitiative.com\/wp-content\/uploads\/sites\/2\/2023\/07\/join_the_hub-1536x1024.jpg 1536w, https:\/\/www.schwarzeneggerclimateinitiative.com\/wp-content\/uploads\/sites\/2\/2023\/07\/join_the_hub-2048x1365.jpg 2048w\" sizes=\"auto, (max-width: 2400px) 100vw, 2400px\" \/><span aria-hidden=\"true\" class=\"wp-block-cover__background has-background-dim-0 has-background-dim\"><\/span><div class=\"wp-block-cover__inner-container has-global-padding is-layout-constrained wp-block-cover-is-layout-constrained\">\n<p class=\"has-text-align-center has-large-font-size\"><\/p>\n<\/div><\/div>\n\n\n\n<div style=\"height:40px\" aria-hidden=\"true\" class=\"wp-block-spacer\"><\/div>\n\n\n\n<div class=\"wp-block-group has-global-padding is-layout-constrained wp-block-group-is-layout-constrained\">\n<div class=\"wp-block-group is-horizontal is-nowrap is-layout-flex wp-container-core-group-is-layout-4e3e236b wp-block-group-is-layout-flex\" style=\"margin-top:0;margin-bottom:0;padding-top:0;padding-right:0;padding-bottom:0;padding-left:0\">\n<p class=\"has-text-align-center\" style=\"font-size:clamp(0.875em, 0.875rem + ((1vw - 0.2em) * 0.481), 1.2em);\">Der AUSTRIAN WORLD SUMMIT Solutions Hub bietet ideale Voraussetzungen f\u00fcr neuartige Denkanst\u00f6\u00dfe, innovative L\u00f6sungsfindung und au\u00dfergew\u00f6hnliche Begegnungen. Aufgrund der ruhigen und inspirierenden Umgebung und der vielf\u00e4ltigen Nutzung der R\u00e4umlichkeiten ist der Hub der ideale Ort f\u00fcr Ihre n\u00e4chste Firmenveranstaltung \u2013 sei es ein Workshop, ein gro\u00dfes Event oder ein vertrautes Kamingespr\u00e4ch. Neben der modernen technischen Ausstattung \u00fcberzeugt auch die hochwertige kulinarische Verpflegung. Bei Interesse k\u00f6nnen Sie <span class=\"is-button link\" data-type=\"link\" data-params=\"{&quot;url&quot;:&quot;https:\/\/www.schwarzeneggerclimateinitiative.com\/contact\/&quot;}\">uns gerne kontaktieren<\/span>.<\/p>\n<\/div>\n\n\n\n<div class=\"wp-block-group is-horizontal is-nowrap is-layout-flex wp-container-core-group-is-layout-26d89f5e wp-block-group-is-layout-flex\" style=\"margin-top:0;margin-bottom:0;padding-top:0;padding-right:0;padding-bottom:0;padding-left:0\">\n<p class=\"has-text-align-center gs_iIPBTv\" style=\"font-size:clamp(0.875em, 0.875rem + ((1vw - 0.2em) * 0.481), 1.2em);\">Der umfassende Wandel unseres Lebens und unserer Wirtschaft verlangt von der Wirtschaft ehrliche und konkrete L\u00f6sungen. Durch eine Partnerschaft mit dem AUSTRIAN WORLD SUMMIT Solutions Hub zeigen Partner diesbez\u00fcglich ihr Engagement. Der Hub bietet dazu verschiedene Partnermodelle an. Wenn Sie sich f\u00fcr eine Partnerschaft interessieren, dann <span class=\"is-button link\" data-type=\"link\" data-params=\"{&quot;url&quot;:&quot;https:\/\/www.schwarzeneggerclimateinitiative.com\/contact\/&quot;}\">kontaktieren<\/span> Sie uns.<\/p>\n<\/div>\n<\/div>\n","protected":false},"excerpt":{"rendered":"<p>Der AUSTRIAN WORLD SUMMIT Solutions Hub bietet ideale Voraussetzungen f\u00fcr neuartige Denkanst\u00f6\u00dfe, innovative L\u00f6sungsfindung und au\u00dfergew\u00f6hnliche Begegnungen. Aufgrund der ruhigen und inspirierenden Umgebung und der vielf\u00e4ltigen Nutzung der R\u00e4umlichkeiten ist der Hub der ideale Ort f\u00fcr Ihre n\u00e4chste Firmenveranstaltung \u2013 sei es ein Workshop, ein gro\u00dfes Event oder ein vertrautes Kamingespr\u00e4ch. Neben der modernen technischen [&hellip;]<\/p>\n","protected":false},"author":1,"featured_media":0,"parent":0,"menu_order":0,"comment_status":"closed","ping_status":"closed","template":"","meta":{"greyd_block_editor_preview":[],"footnotes":""},"page_category":[20],"class_list":["post-2921","page","type-page","status-publish","hentry","page_category-hub"],"_links":{"self":[{"href":"https:\/\/www.schwarzeneggerclimateinitiative.com\/de\/wp-json\/wp\/v2\/pages\/2921","targetHints":{"allow":["GET"]}}],"collection":[{"href":"https:\/\/www.schwarzeneggerclimateinitiative.com\/de\/wp-json\/wp\/v2\/pages"}],"about":[{"href":"https:\/\/www.schwarzeneggerclimateinitiative.com\/de\/wp-json\/wp\/v2\/types\/page"}],"author":[{"embeddable":true,"href":"https:\/\/www.schwarzeneggerclimateinitiative.com\/de\/wp-json\/wp\/v2\/users\/1"}],"replies":[{"embeddable":true,"href":"https:\/\/www.schwarzeneggerclimateinitiative.com\/de\/wp-json\/wp\/v2\/comments?post=2921"}],"version-history":[{"count":2,"href":"https:\/\/www.schwarzeneggerclimateinitiative.com\/de\/wp-json\/wp\/v2\/pages\/2921\/revisions"}],"predecessor-version":[{"id":8125,"href":"https:\/\/www.schwarzeneggerclimateinitiative.com\/de\/wp-json\/wp\/v2\/pages\/2921\/revisions\/8125"}],"wp:attachment":[{"href":"https:\/\/www.schwarzeneggerclimateinitiative.com\/de\/wp-json\/wp\/v2\/media?parent=2921"}],"wp:term":[{"taxonomy":"page_category","embeddable":true,"href":"https:\/\/www.schwarzeneggerclimateinitiative.com\/de\/wp-json\/wp\/v2\/page_category?post=2921"}],"curies":[{"name":"wp","href":"https:\/\/api.w.org\/{rel}","templated":true}]}}